{"id":51,"date":"2023-08-19T17:16:23","date_gmt":"2023-08-19T22:16:23","guid":{"rendered":"http:\/\/localhost:8000\/?page_id=51"},"modified":"2023-08-19T17:23:55","modified_gmt":"2023-08-19T22:23:55","slug":"mision","status":"publish","type":"page","link":"https:\/\/autoslasser.com\/?page_id=51","title":{"rendered":"Mision"},"content":{"rendered":"<style>\/*! elementor - v3.15.0 - 09-08-2023 *\/\n.elementor-heading-title{padding:0;margin:0;line-height:1}.elementor-widget-heading .elementor-heading-title[class*=elementor-size-]>a{color:inherit;font-size:inherit;line-height:inherit}.elementor-widget-heading .elementor-heading-title.elementor-size-small{font-size:15px}.elementor-widget-heading .elementor-heading-title.elementor-size-medium{font-size:19px}.elementor-widget-heading .elementor-heading-title.elementor-size-large{font-size:29px}.elementor-widget-heading .elementor-heading-title.elementor-size-xl{font-size:39px}.elementor-widget-heading .elementor-heading-title.elementor-size-xxl{font-size:59px}<\/style>\n<h2>Misi\u00f3n<\/h2>\n<style>\/*! elementor - v3.15.0 - 09-08-2023 *\/\n.elementor-widget-image{text-align:center}.elementor-widget-image a{display:inline-block}.elementor-widget-image a img[src$=\".svg\"]{width:48px}.elementor-widget-image img{vertical-align:middle;display:inline-block}<\/style>\n<p>\t\t\t\t\t\t\t\t\t\t\t\t<img decoding=\"async\" width=\"525\" height=\"259\" src=\"https:\/\/autoslasser.com\/wp-content\/uploads\/2023\/08\/mision.jpg\" alt=\"mision\" loading=\"lazy\" srcset=\"https:\/\/autoslasser.com\/wp-content\/uploads\/2023\/08\/mision.jpg 770w, https:\/\/autoslasser.com\/wp-content\/uploads\/2023\/08\/mision-300x148.jpg 300w, https:\/\/autoslasser.com\/wp-content\/uploads\/2023\/08\/mision-768x379.jpg 768w\" sizes=\"auto, (max-width: 525px) 100vw, 525px\" \/>\t\t\t\t\t\t\t\t\t\t\t\t\t\t\t<\/p>\n<p>Ser la empresa l\u00edder en la comercializaci\u00f3n de veh\u00edculos y prestaci\u00f3n de servicios post ventas, brindando soluciones a la medida de nuestros clientes. Ser reconocida por la calidad humana y profesional de nuestra gente, tanto por clientes como por proveedores.<\/p>\n<h2>Visi\u00f3n<\/h2>\n<p>Ser la mejor opci\u00f3n del mercado en venta de veh\u00edculos y servicios posteriores. prueba bot<\/p>\n<p>\t\t\t\t\t\t\t\t\t\t\t\t\t\t\t<img decoding=\"async\" width=\"525\" height=\"259\" src=\"https:\/\/autoslasser.com\/wp-content\/uploads\/2023\/08\/vision.jpg\" alt=\"vision\" loading=\"lazy\" srcset=\"https:\/\/autoslasser.com\/wp-content\/uploads\/2023\/08\/vision.jpg 770w, https:\/\/autoslasser.com\/wp-content\/uploads\/2023\/08\/vision-300x148.jpg 300w, https:\/\/autoslasser.com\/wp-content\/uploads\/2023\/08\/vision-768x379.jpg 768w\" sizes=\"auto, (max-width: 525px) 100vw, 525px\" \/><\/p>\n","protected":false},"excerpt":{"rendered":"<p>Misi\u00f3n Ser la empresa l\u00edder en la comercializaci\u00f3n de veh\u00edculos y prestaci\u00f3n de servicios post ventas, brindando soluciones a la medida de nuestros clientes. Ser reconocida por la calidad humana y profesional de nuestra gente, tanto por clientes como por proveedores. Visi\u00f3n Ser la mejor opci\u00f3n del mercado en venta de veh\u00edculos y servicios posteriores. [&hellip;]<\/p>\n","protected":false},"author":1,"featured_media":0,"parent":0,"menu_order":0,"comment_status":"closed","ping_status":"closed","template":"elementor_header_footer","meta":{"footnotes":""},"class_list":["post-51","page","type-page","status-publish","hentry"],"_links":{"self":[{"href":"https:\/\/autoslasser.com\/index.php?rest_route=\/wp\/v2\/pages\/51","targetHints":{"allow":["GET"]}}],"collection":[{"href":"https:\/\/autoslasser.com\/index.php?rest_route=\/wp\/v2\/pages"}],"about":[{"href":"https:\/\/autoslasser.com\/index.php?rest_route=\/wp\/v2\/types\/page"}],"author":[{"embeddable":true,"href":"https:\/\/autoslasser.com\/index.php?rest_route=\/wp\/v2\/users\/1"}],"replies":[{"embeddable":true,"href":"https:\/\/autoslasser.com\/index.php?rest_route=%2Fwp%2Fv2%2Fcomments&post=51"}],"version-history":[{"count":4,"href":"https:\/\/autoslasser.com\/index.php?rest_route=\/wp\/v2\/pages\/51\/revisions"}],"predecessor-version":[{"id":62,"href":"https:\/\/autoslasser.com\/index.php?rest_route=\/wp\/v2\/pages\/51\/revisions\/62"}],"wp:attachment":[{"href":"https:\/\/autoslasser.com\/index.php?rest_route=%2Fwp%2Fv2%2Fmedia&parent=51"}],"curies":[{"name":"wp","href":"https:\/\/api.w.org\/{rel}","templated":true}]}}